{"id":2027,"date":"2024-10-10T12:23:01","date_gmt":"2024-10-10T10:23:01","guid":{"rendered":"https:\/\/bombinatura.com\/?page_id=2027"},"modified":"2025-04-10T14:52:50","modified_gmt":"2025-04-10T12:52:50","slug":"que-puedes-hacer-tu","status":"publish","type":"page","link":"https:\/\/bombinatura.com\/en\/que-puedes-hacer-tu\/","title":{"rendered":"Qu\u00e9 puedes hacer t\u00fa"},"content":{"rendered":"<p class=\"wp-block-paragraph\" style=\"padding-top:0px;font-size:clamp(15.747px, 0.984rem + ((1vw - 3.2px) * 0.737), 24px);\">If you too are concerned about the decline of insects, in this section we present several actions you can take to reverse it.<\/p>\n\n\n\n<div class=\"wp-block-columns is-layout-flex wp-container-core-columns-is-layout-2cf0110f wp-block-columns-is-layout-flex\">\n<div class=\"wp-block-column is-layout-flow wp-block-column-is-layout-flow\" style=\"flex-basis:55%\">\n<h2 class=\"wp-block-heading\">1. Plant native species in your garden or balcony<\/h2>\n\n\n\n<p class=\"wp-block-paragraph\" style=\"padding-top:0px;padding-bottom:0px\">Insects in our area have adapted to native plants over millions of years. As a result, native plants are often <strong>more beneficial<\/strong> for local insects than exotics. In addition, native plants generally require <strong>less maintenance<\/strong>because they are adapted to the climate of our region.<\/p>\n\n\n\n<p class=\"wp-block-paragraph\" style=\"padding-top:0px;padding-bottom:0px\">Try to include a variety of species to benefit different insect species. In addition, ensure that there are species in bloom from spring through to autumn to provide <strong>continuous food<\/strong> to pollinators.<\/p>\n<\/div>\n\n\n\n<div class=\"wp-block-column is-layout-flow wp-block-column-is-layout-flow\">\n<figure class=\"wp-block-image aligncenter size-large is-resized\" style=\"margin-top:15px\"><img loading=\"lazy\" decoding=\"async\" width=\"800\" height=\"1964\" data-attachment-id=\"2057\" data-permalink=\"https:\/\/bombinatura.com\/en\/que-puedes-hacer-tu\/infografiaaccionessinlogo-2\/\" data-orig-file=\"https:\/\/bombinatura.com\/wp-content\/uploads\/2024\/10\/infografiaaccionessinlogo-1.jpg\" data-orig-size=\"800,1964\" data-comments-opened=\"0\" data-image-meta=\"{&quot;aperture&quot;:&quot;0&quot;,&quot;credit&quot;:&quot;&quot;,&quot;camera&quot;:&quot;&quot;,&quot;caption&quot;:&quot;&quot;,&quot;created_timestamp&quot;:&quot;0&quot;,&quot;copyright&quot;:&quot;&quot;,&quot;focal_length&quot;:&quot;0&quot;,&quot;iso&quot;:&quot;0&quot;,&quot;shutter_speed&quot;:&quot;0&quot;,&quot;title&quot;:&quot;&quot;,&quot;orientation&quot;:&quot;0&quot;}\" data-image-title=\"InfografiaAccionesSinLogo\" data-image-description=\"\" data-image-caption=\"\" data-medium-file=\"https:\/\/bombinatura.com\/wp-content\/uploads\/2024\/10\/infografiaaccionessinlogo-1.jpg\" data-large-file=\"https:\/\/bombinatura.com\/wp-content\/uploads\/2024\/10\/infografiaaccionessinlogo-1.jpg\" src=\"https:\/\/bombinatura.com\/wp-content\/uploads\/2024\/10\/infografiaaccionessinlogo-1.jpg?w=417\" alt=\"Infograf\u00eda de acciones para ayudar a los insectos\" class=\"wp-image-2057\" style=\"width:275px\"\/><\/figure>\n<\/div>\n<\/div>\n\n\n\n<h2 class=\"wp-block-heading\">2. Create wild areas in your garden<\/h2>\n\n\n\n<p class=\"wp-block-paragraph\">Leave \"neglected\" areas, e.g. at the edges of the garden, avoiding the cleaning of <strong>dried leaves, twigs <\/strong>and <strong>fallen fruit.<\/strong> Immobile stages, such as eggs and pupae, can be removed when clearing vegetation, so it is advisable to delay this task until well into spring or summer, when pollinators have already emerged from their nests or hibernation. In addition, you can provide <strong>bare ground areas, insect hotels <\/strong>and<strong> pieces of wood<\/strong> for some species to build their nests.<\/p>\n\n\n\n<figure class=\"wp-block-image aligncenter size-large is-resized\"><img loading=\"lazy\" decoding=\"async\" width=\"1090\" height=\"728\" data-attachment-id=\"2350\" data-permalink=\"https:\/\/bombinatura.com\/en\/andrenaclarkellapage-2\/\" data-orig-file=\"https:\/\/bombinatura.com\/wp-content\/uploads\/2024\/11\/andrenaclarkellapage-edited.jpg\" data-orig-size=\"1090,728\" data-comments-opened=\"0\" data-image-meta=\"{&quot;aperture&quot;:&quot;0&quot;,&quot;credit&quot;:&quot;&quot;,&quot;camera&quot;:&quot;&quot;,&quot;caption&quot;:&quot;&quot;,&quot;created_timestamp&quot;:&quot;0&quot;,&quot;copyright&quot;:&quot;&quot;,&quot;focal_length&quot;:&quot;0&quot;,&quot;iso&quot;:&quot;0&quot;,&quot;shutter_speed&quot;:&quot;0&quot;,&quot;title&quot;:&quot;&quot;,&quot;orientation&quot;:&quot;0&quot;}\" data-image-title=\"AndrenaClarkellaPage\" data-image-description=\"\" data-image-caption=\"\" data-medium-file=\"https:\/\/bombinatura.com\/wp-content\/uploads\/2024\/11\/andrenaclarkellapage-edited.jpg\" data-large-file=\"https:\/\/bombinatura.com\/wp-content\/uploads\/2024\/11\/andrenaclarkellapage-edited.jpg\" src=\"https:\/\/bombinatura.com\/wp-content\/uploads\/2024\/11\/andrenaclarkellapage-edited.jpg\" alt=\"Abeja del g\u00e9nero Andrena\" class=\"wp-image-2350\" style=\"width:550px\"\/><figcaption class=\"wp-element-caption\">Bees of the genus <em>Andrena,<\/em>or mining bees, nest on the ground, preferring areas with little or no vegetation<\/figcaption><\/figure>\n\n\n\n<h2 class=\"wp-block-heading\">3. Avoid using pesticides in your garden<\/h2>\n\n\n\n<p class=\"wp-block-paragraph\">Do not use <a href=\"https:\/\/bombinatura.com\/en\/2024\/11\/19\/el-impacto-de-los-plaguicidas-en-las-poblaciones-de-insectos\/\">pesticides<\/a> of any kind to improve the appearance of your garden. <strong>It is not only insecticides that are harmful<\/strong> for insects. Studies have shown that other chemicals, such as fungicides and <a href=\"https:\/\/bombinatura.com\/en\/2024\/12\/18\/5-alternativas-ecologicas-para-reemplazar-los-herbicidas-en-tu-jardin\/\">herbicides<\/a>can also be harmful for insects.&nbsp;<\/p>\n\n\n\n<p class=\"wp-block-paragraph\">Before purchasing new plants for your garden, ask if they have been treated with pesticides. Even those labelled \"pollinator-attractive\" may contain insecticide residues. You can opt to <strong>buy seeds<\/strong> instead of adult plants to avoid these compounds.<\/p>\n\n\n\n<h2 class=\"wp-block-heading\"><strong>4.<\/strong> Buy organic food<\/h2>\n\n\n\n<p class=\"wp-block-paragraph\">Organic farming aims to produce food using natural substances and processes. This type of agriculture is more environmentally friendly. On average, organic farming has been found to increase between 34 % and 50 % the amount of<strong> species diversity,<\/strong> especially benefiting plants and bees.<\/p>\n\n\n\n<h2 class=\"wp-block-heading\">5. Limit the use of artificial light in outdoor areas<\/h2>\n\n\n\n<p class=\"wp-block-paragraph\">Many insects are <a href=\"https:\/\/bombinatura.com\/en\/2025\/01\/15\/por-que-los-insectos-vuelan-en-torno-a-la-luz-artificial\/\">attracted by light<\/a>and artificial light sources can disorientate them, exhaust them and make them more vulnerable to predators, among <a href=\"https:\/\/bombinatura.com\/en\/2025\/02\/18\/el-efecto-de-la-contaminacion-luminica-en-los-insectos\/\">other negative effects<\/a>. If you need outdoor lighting, you can use <strong>motion sensor lights<\/strong> and choose light bulbs of <strong>orange light <\/strong>or<strong> red,<\/strong> which attract fewer insects. Also, avoid UV light traps for insects, as they eliminate insects of non-harmful species.<\/p>\n\n\n\n<h2 class=\"wp-block-heading\">6. Join citizen science projects on insects<\/h2>\n\n\n\n<p class=\"wp-block-paragraph\">It is estimated that there may be 5.5 million insect species worldwide, but only about one million have been described. Moreover, we still have little information about many of them. There are numerous <a href=\"https:\/\/bombinatura.com\/en\/2024\/10\/22\/iniciativas-de-ciencia-ciudadana-a-las-que-puedes-contribuir\/\">citizen science projects you can help by<\/a> <strong>providing insect sightings<\/strong> to find out important aspects such as their geographical distribution, the dates they fly and the species they feed on.<strong> <a href=\"https:\/\/www.inaturalist.org\/\">iNaturalist<\/a> <\/strong>and<strong> <a href=\"https:\/\/observation.org\/\">Observation.org<\/a><\/strong> are two of the largest citizen science platforms, where you can contribute to research on insects and biodiversity in general.<\/p>\n\n\n\n<figure class=\"wp-block-image aligncenter size-large is-resized\" style=\"margin-top:20px\"><img loading=\"lazy\" decoding=\"async\" width=\"3864\" height=\"2576\" data-attachment-id=\"2587\" data-permalink=\"https:\/\/bombinatura.com\/en\/dsc01506-4\/\" data-orig-file=\"https:\/\/bombinatura.com\/wp-content\/uploads\/2024\/11\/dsc01506-edited-2.jpg\" data-orig-size=\"3864,2576\" data-comments-opened=\"0\" data-image-meta=\"{&quot;aperture&quot;:&quot;5&quot;,&quot;credit&quot;:&quot;&quot;,&quot;camera&quot;:&quot;DSC-H400&quot;,&quot;caption&quot;:&quot;&quot;,&quot;created_timestamp&quot;:&quot;1732461708&quot;,&quot;copyright&quot;:&quot;Copyright 2009&quot;,&quot;focal_length&quot;:&quot;33&quot;,&quot;iso&quot;:&quot;80&quot;,&quot;shutter_speed&quot;:&quot;0.004&quot;,&quot;title&quot;:&quot;&quot;,&quot;orientation&quot;:&quot;1&quot;}\" data-image-title=\"DSC01506\" data-image-description=\"\" data-image-caption=\"\" data-medium-file=\"https:\/\/bombinatura.com\/wp-content\/uploads\/2024\/11\/dsc01506-edited-2.jpg\" data-large-file=\"https:\/\/bombinatura.com\/wp-content\/uploads\/2024\/11\/dsc01506-edited-2.jpg\" src=\"https:\/\/bombinatura.com\/wp-content\/uploads\/2024\/11\/dsc01506-edited-2.jpg\" alt=\"Ejemplar de Danaus chrysippus\" class=\"wp-image-2587\" style=\"width:550px\"\/><figcaption class=\"wp-element-caption\">Monitoring butterflies in citizen science programmes has documented their decline<\/figcaption><\/figure>\n\n\n\n<h2 class=\"wp-block-heading\">7. Minimise the use of outdoor cleaning products<\/h2>\n\n\n\n<p class=\"wp-block-paragraph\">Cleaning products used, for example, to clean vehicles, often contain pollutants that can reach water sources, affecting aquatic insects. To reduce their impact, opt for <strong>biodegradable soaps,<\/strong>which are more environmentally friendly.<\/p>\n\n\n\n<h2 class=\"wp-block-heading\">8. Communicate the importance of insect conservation to others<\/h2>\n\n\n\n<p class=\"wp-block-paragraph\"><strong>Explains the relevance<\/strong> of insects both for us and for ecosystems to children and adults. Show others the insects you observe outdoors, <strong>share photos<\/strong> on social media, and <strong>talk about their <a href=\"https:\/\/bombinatura.com\/en\/amenazas\/\">decline<\/a><\/strong> and the actions we can take to reverse it and promote its conservation.<\/p>\n\n\n\n<h2 class=\"wp-block-heading\">9. Demand policies that favour the conservation of insects and biodiversity<\/h2>\n\n\n\n<p class=\"wp-block-paragraph\"><strong>Interact with local government bodies<\/strong> to advocate for policies and practices that benefit insects. In addition, by participating in events that promote <strong>environmental policy-making<\/strong> and supporting these science-based measures with your vote, you can contribute to both local and national action for biodiversity conservation.<\/p>","protected":false},"excerpt":{"rendered":"<p>Si te preocupa el declive de los insectos, hay muchas formas de hacer una diferencia. Desde plantar especies aut\u00f3ctonas en tu jard\u00edn hasta participar en proyectos de ciencia ciudadana, cada peque\u00f1a acci\u00f3n cuenta. Descubre c\u00f3mo puedes apoyar a estos animales y contribuir a la conservaci\u00f3n de la biodiversidad.<\/p>","protected":false},"author":243138427,"featured_media":0,"parent":0,"menu_order":0,"comment_status":"closed","ping_status":"closed","template":"wp-custom-template-template-con-menu","meta":{"_crdt_document":"","advanced_seo_description":"","jetpack_seo_html_title":"","jetpack_seo_noindex":false,"jetpack_post_was_ever_published":false,"footnotes":""},"class_list":["post-2027","page","type-page","status-publish","hentry"],"jetpack_sharing_enabled":true,"jetpack_likes_enabled":true,"jetpack_shortlink":"https:\/\/wp.me\/PfjxPK-wH","_links":{"self":[{"href":"https:\/\/bombinatura.com\/en\/wp-json\/wp\/v2\/pages\/2027","targetHints":{"allow":["GET"]}}],"collection":[{"href":"https:\/\/bombinatura.com\/en\/wp-json\/wp\/v2\/pages"}],"about":[{"href":"https:\/\/bombinatura.com\/en\/wp-json\/wp\/v2\/types\/page"}],"author":[{"embeddable":true,"href":"https:\/\/bombinatura.com\/en\/wp-json\/wp\/v2\/users\/243138427"}],"replies":[{"embeddable":true,"href":"https:\/\/bombinatura.com\/en\/wp-json\/wp\/v2\/comments?post=2027"}],"version-history":[{"count":26,"href":"https:\/\/bombinatura.com\/en\/wp-json\/wp\/v2\/pages\/2027\/revisions"}],"predecessor-version":[{"id":3404,"href":"https:\/\/bombinatura.com\/en\/wp-json\/wp\/v2\/pages\/2027\/revisions\/3404"}],"wp:attachment":[{"href":"https:\/\/bombinatura.com\/en\/wp-json\/wp\/v2\/media?parent=2027"}],"curies":[{"name":"wp","href":"https:\/\/api.w.org\/{rel}","templated":true}]}}