{"id":4295,"date":"2025-08-26T14:21:58","date_gmt":"2025-08-26T12:21:58","guid":{"rendered":"https:\/\/bombinatura.com\/?page_id=4295"},"modified":"2025-08-26T14:47:56","modified_gmt":"2025-08-26T12:47:56","slug":"moscas","status":"publish","type":"page","link":"https:\/\/bombinatura.com\/en\/moscas\/","title":{"rendered":"Flies:"},"content":{"rendered":"<p class=\"wp-block-paragraph\" style=\"font-size:clamp(15.747px, 0.984rem + ((1vw - 3.2px) * 0.737), 24px);\">Las moscas constituyen el orden <strong>Diptera<\/strong>, uno de los grupos de insectos m\u00e1s diversos, con aproximadamente <strong>160.000<\/strong> especies descritas en todo el mundo. Su nombre proviene del griego y significa <strong>\u201cdos alas\u201d<\/strong>, en referencia a la caracter\u00edstica que las distingue.<\/p>\n\n\n\n<h2 class=\"wp-block-heading\">General characteristics<\/h2>\n\n\n\n<p class=\"has-medium-font-size wp-block-paragraph\">Los d\u00edpteros tienen un tama\u00f1o muy variable, desde menos de 1 mm<br>hasta los 6 cm. Su rasgo m\u00e1s caracter\u00edstico es que poseen solo un par de alas membranosas. Su segundo par de alas ha evolucionado a unos peque\u00f1os \u00f3rganos en forma de maza llamados <strong>halterios<\/strong>, que les ayudan a estabilizar su vuelo y realizar maniobras a\u00e9reas. Aunque la mayor\u00eda vuelan, existen algunas excepciones de d\u00edpteros que carecen de alas.<\/p>\n\n\n\n<p class=\"wp-block-paragraph\">La mayor\u00eda de los d\u00edpteros adultos posee una <strong>proboscis<\/strong>, una estructura tubular adaptada para la succi\u00f3n. En especies que se alimentan de sangre, esta prob\u00f3scide est\u00e1 modificada para perforar los tejidos adem\u00e1s de succionar l\u00edquidos. Curiosamente, algunos d\u00edpteros adultos no se alimentan, por lo que su aparato bucal se ha reducido.<\/p>\n\n\n\n<figure class=\"wp-block-image aligncenter size-full is-resized\"><img loading=\"lazy\" decoding=\"async\" width=\"880\" height=\"587\" data-attachment-id=\"4314\" data-permalink=\"https:\/\/bombinatura.com\/en\/moscas\/falleniafasciatapost\/\" data-orig-file=\"https:\/\/bombinatura.com\/wp-content\/uploads\/2025\/08\/FalleniaFasciataPost.jpg\" data-orig-size=\"880,587\" data-comments-opened=\"0\" data-image-meta=\"{&quot;aperture&quot;:&quot;0&quot;,&quot;credit&quot;:&quot;&quot;,&quot;camera&quot;:&quot;&quot;,&quot;caption&quot;:&quot;&quot;,&quot;created_timestamp&quot;:&quot;0&quot;,&quot;copyright&quot;:&quot;&quot;,&quot;focal_length&quot;:&quot;0&quot;,&quot;iso&quot;:&quot;0&quot;,&quot;shutter_speed&quot;:&quot;0&quot;,&quot;title&quot;:&quot;&quot;,&quot;orientation&quot;:&quot;1&quot;}\" data-image-title=\"FalleniaFasciataPost\" data-image-description=\"\" data-image-caption=\"\" data-medium-file=\"https:\/\/bombinatura.com\/wp-content\/uploads\/2025\/08\/FalleniaFasciataPost-300x200.jpg\" data-large-file=\"https:\/\/bombinatura.com\/wp-content\/uploads\/2025\/08\/FalleniaFasciataPost.jpg\" src=\"https:\/\/bombinatura.com\/wp-content\/uploads\/2025\/08\/FalleniaFasciataPost.jpg\" alt=\"Fallenia fasciata aliment\u00e1ndose en una flor\" class=\"wp-image-4314\" style=\"width:550px\" srcset=\"https:\/\/bombinatura.com\/wp-content\/uploads\/2025\/08\/FalleniaFasciataPost.jpg 880w, https:\/\/bombinatura.com\/wp-content\/uploads\/2025\/08\/FalleniaFasciataPost-300x200.jpg 300w, https:\/\/bombinatura.com\/wp-content\/uploads\/2025\/08\/FalleniaFasciataPost-768x512.jpg 768w, https:\/\/bombinatura.com\/wp-content\/uploads\/2025\/08\/FalleniaFasciataPost-18x12.jpg 18w, https:\/\/bombinatura.com\/wp-content\/uploads\/2025\/08\/FalleniaFasciataPost-600x400.jpg 600w\" sizes=\"auto, (max-width: 880px) 100vw, 880px\" \/><figcaption class=\"wp-element-caption\">Los d\u00edpteros de la familia Nemestrinidae, como la especie <em>Fallenia fasciata<\/em>, poseen una prob\u00f3scide con una longitud r\u00e9cord en relaci\u00f3n a su cuerpo<\/figcaption><\/figure>\n\n\n\n<p class=\"wp-block-paragraph\">Los d\u00edpteros son <a href=\"https:\/\/bombinatura.com\/en\/2025\/01\/28\/como-y-por-que-ocurre-la-metamorfosis\/\" data-type=\"post\" data-id=\"2940\">insectos holomet\u00e1bolos<\/a>, es decir, realizan una metamorfosis completa y pasan por la fase de pupa. El ciclo comienza con la deposici\u00f3n de huevos, que normalmente se ubican cerca del h\u00e1bitat de la futura larva. La mayor\u00eda de las larvas viven de forma independiente, pero tambi\u00e9n hay especies cuyas larvas se desarrollan como par\u00e1sitos dentro de otros organismos. Incluso algunas moscas son viv\u00edparas, las larvas comienzan el desarrollo en el interior de la hembra, hasta que esta las da a luz.<\/p>\n\n\n\n<h2 class=\"wp-block-heading\">Where do they live?<\/h2>\n\n\n\n<p class=\"wp-block-paragraph\">La mayor diversidad de d\u00edpteros se concentra en las regiones <strong>tropicales<\/strong>, pero su capacidad de adaptaci\u00f3n les ha permitido colonizar hasta el \u00c1rtico, estando ausentes \u00fanicamente en los mares abiertos y el interior de los glaciares.<\/p>\n\n\n\n<p class=\"wp-block-paragraph\">Las larvas de d\u00edpteros son muy vers\u00e1tiles en cuanto a su h\u00e1bitat. Muchas son <strong>acu\u00e1ticas o semiacu\u00e1ticas<\/strong>, habitando en ambientes h\u00famedos, cuerpos de agua estancada o en movimiento, o asociadas a tejidos vegetales y a materia en descomposici\u00f3n. Sin embargo, tambi\u00e9n se pueden encontrar en ambientes m\u00e1s secos, como entre la gravilla o la arena.<\/p>\n\n\n\n<figure class=\"wp-block-image aligncenter size-full is-resized\"><img loading=\"lazy\" decoding=\"async\" width=\"843\" height=\"562\" data-attachment-id=\"4318\" data-permalink=\"https:\/\/bombinatura.com\/en\/cylindromya-2\/\" data-orig-file=\"https:\/\/bombinatura.com\/wp-content\/uploads\/2025\/08\/Cylindromya-edited.jpg\" data-orig-size=\"843,562\" data-comments-opened=\"0\" data-image-meta=\"{&quot;aperture&quot;:&quot;0&quot;,&quot;credit&quot;:&quot;&quot;,&quot;camera&quot;:&quot;&quot;,&quot;caption&quot;:&quot;&quot;,&quot;created_timestamp&quot;:&quot;0&quot;,&quot;copyright&quot;:&quot;&quot;,&quot;focal_length&quot;:&quot;0&quot;,&quot;iso&quot;:&quot;0&quot;,&quot;shutter_speed&quot;:&quot;0&quot;,&quot;title&quot;:&quot;&quot;,&quot;orientation&quot;:&quot;1&quot;}\" data-image-title=\"Cylindromya\" data-image-description=\"\" data-image-caption=\"\" data-medium-file=\"https:\/\/bombinatura.com\/wp-content\/uploads\/2025\/08\/Cylindromya-edited-300x200.jpg\" data-large-file=\"https:\/\/bombinatura.com\/wp-content\/uploads\/2025\/08\/Cylindromya-edited.jpg\" src=\"https:\/\/bombinatura.com\/wp-content\/uploads\/2025\/08\/Cylindromya-edited.jpg\" alt=\"Adulto del g\u00e9nero Cylindromya\" class=\"wp-image-4318\" style=\"width:550px\" srcset=\"https:\/\/bombinatura.com\/wp-content\/uploads\/2025\/08\/Cylindromya-edited.jpg 843w, https:\/\/bombinatura.com\/wp-content\/uploads\/2025\/08\/Cylindromya-edited-300x200.jpg 300w, https:\/\/bombinatura.com\/wp-content\/uploads\/2025\/08\/Cylindromya-edited-768x512.jpg 768w, https:\/\/bombinatura.com\/wp-content\/uploads\/2025\/08\/Cylindromya-edited-18x12.jpg 18w, https:\/\/bombinatura.com\/wp-content\/uploads\/2025\/08\/Cylindromya-edited-600x400.jpg 600w\" sizes=\"auto, (max-width: 843px) 100vw, 843px\" \/><figcaption class=\"wp-element-caption\">Los adultos del g\u00e9nero Cylindromya depositan sus huevos en el interior de heter\u00f3pteros utilizando una estructura perforadora que tienen en su abdomen<\/figcaption><\/figure>\n\n\n\n<p class=\"wp-block-paragraph\">Los adultos son predominantemente <strong>terrestrial<\/strong>, pero tambi\u00e9n pueden encontrarse en una variedad de ambientes. Se les observa por ejemplo en los m\u00e1rgenes de arroyos y lagos, entre la materia en descomposici\u00f3n, en torno a la vegetaci\u00f3n, y formando enjambres para reproducirse en puntos concretos como lo alto de las colinas, alrededor de \u00e1rboles o en zonas iluminadas sobre cuerpos de agua.<\/p>\n\n\n\n<h2 class=\"wp-block-heading\">What do they eat?<\/h2>\n\n\n\n<p class=\"wp-block-paragraph\">Las larvas se han adaptado a consumir <strong>casi cualquier tipo de alimento<\/strong>. Por ejemplo, las larvas de t\u00edpula se alimentan de plantas, restos <strong>vegetales<\/strong> and <strong>mushrooms<\/strong>. Muchas larvas de quiron\u00f3midos se nutren de <strong>organic matter<\/strong> en descomposici\u00f3n y de los microorganismos asociados. Tambi\u00e9n hay larvas <strong>depredadoras<\/strong>, como las de los vermile\u00f3nidos, que construyen ingeniosas trampas para cazar a sus presas, y <strong>parasite<\/strong>, como las larvas de los bomb\u00edlidos, que se alimentan de otros insectos.<\/p>\n\n\n\n<p class=\"wp-block-paragraph\">Los adultos, al no necesitar crecer, tienen una dieta m\u00e1s enfocada en la <strong>obtenci\u00f3n de energ\u00eda<\/strong>. Pueden no alimentarse en absoluto o consumir n\u00e9ctar, melaza, polen, sangre, hemolinfa (la \u00absangre\u00bb de los invertebrados) u otra materia org\u00e1nica que puedan disolver con su saliva antes de succionarla. Algunos grupos tambi\u00e9n son depredadores, como los voraces as\u00edlidos, capaces de cazar presas que llegan a duplicar su tama\u00f1o.<\/p>\n\n\n\n<h2 class=\"wp-block-heading\">Ecological importance<\/h2>\n\n\n\n<p class=\"wp-block-paragraph\">En ecosistemas tanto terrestres como acu\u00e1ticos, un gran n\u00famero de especies de d\u00edpteros act\u00faan como <strong>decomposers<\/strong>, reciclando los nutrientes al procesar materia org\u00e1nica.<\/p>\n\n\n\n<p class=\"wp-block-paragraph\">Tambi\u00e9n son componentes esenciales de la <strong>cadena alimentaria<\/strong>. Sirven como importantes consumidores primarios, y sus especies par\u00e1sitas y depredadoras ayudan a controlar las poblaciones de otros organismos. A su vez, son una fuente crucial de alimento para otros invertebrados, peces, anfibios, reptiles y mam\u00edferos.<\/p>\n\n\n\n<figure class=\"wp-block-image aligncenter size-full is-resized\"><img loading=\"lazy\" decoding=\"async\" width=\"918\" height=\"612\" data-attachment-id=\"4316\" data-permalink=\"https:\/\/bombinatura.com\/en\/myathropaflorea-2\/\" data-orig-file=\"https:\/\/bombinatura.com\/wp-content\/uploads\/2025\/08\/MyathropaFlorea-edited.jpg\" data-orig-size=\"918,612\" data-comments-opened=\"0\" data-image-meta=\"{&quot;aperture&quot;:&quot;4.7&quot;,&quot;credit&quot;:&quot;&quot;,&quot;camera&quot;:&quot;DSC-H400&quot;,&quot;caption&quot;:&quot;&quot;,&quot;created_timestamp&quot;:&quot;1744976212&quot;,&quot;copyright&quot;:&quot;Copyright 2009&quot;,&quot;focal_length&quot;:&quot;38&quot;,&quot;iso&quot;:&quot;80&quot;,&quot;shutter_speed&quot;:&quot;0.005&quot;,&quot;title&quot;:&quot;&quot;,&quot;orientation&quot;:&quot;1&quot;}\" data-image-title=\"MyathropaFlorea\" data-image-description=\"\" data-image-caption=\"\" data-medium-file=\"https:\/\/bombinatura.com\/wp-content\/uploads\/2025\/08\/MyathropaFlorea-edited-300x200.jpg\" data-large-file=\"https:\/\/bombinatura.com\/wp-content\/uploads\/2025\/08\/MyathropaFlorea-edited.jpg\" src=\"https:\/\/bombinatura.com\/wp-content\/uploads\/2025\/08\/MyathropaFlorea-edited.jpg\" alt=\"Myathropa florea en una hoja\" class=\"wp-image-4316\" style=\"width:550px\" srcset=\"https:\/\/bombinatura.com\/wp-content\/uploads\/2025\/08\/MyathropaFlorea-edited.jpg 918w, https:\/\/bombinatura.com\/wp-content\/uploads\/2025\/08\/MyathropaFlorea-edited-300x200.jpg 300w, https:\/\/bombinatura.com\/wp-content\/uploads\/2025\/08\/MyathropaFlorea-edited-768x512.jpg 768w, https:\/\/bombinatura.com\/wp-content\/uploads\/2025\/08\/MyathropaFlorea-edited-18x12.jpg 18w, https:\/\/bombinatura.com\/wp-content\/uploads\/2025\/08\/MyathropaFlorea-edited-600x400.jpg 600w\" sizes=\"auto, (max-width: 918px) 100vw, 918px\" \/><figcaption class=\"wp-element-caption\">Los s\u00edrfidos, como <em>Myathropa florea<\/em>, son eficientes polinizadores con patrones de color que suelen imitar los de las abejas y avispas<\/figcaption><\/figure>\n\n\n\n<p class=\"wp-block-paragraph\">Realizan una gran contribuci\u00f3n a la <strong>pollination.<\/strong> de las plantas, las cuales visitan para obtener polen y n\u00e9ctar. Numerosas plantas han evolucionado adapt\u00e1ndose espec\u00edficamente a la polinizaci\u00f3n por ciertas especies de d\u00edpteros. Adem\u00e1s, en ambientes \u00e1rticos y zonas alpinas, representan una proporci\u00f3n muy alta de los polinizadores.<\/p>\n\n\n\n<p class=\"wp-block-paragraph\">Por desgracia, su interacci\u00f3n con los humanos es m\u00e1s conocida por la transmisi\u00f3n de pat\u00f3genos que causan enfermedades como la malaria, el dengue o la leishmaniasis. Sin embargo, tambi\u00e9n nos han sido muy \u00fatiles como organismos <strong>modelo en estudios<\/strong> de fisiolog\u00eda y gen\u00e9tica, siendo los m\u00e1s conocidos <em>Drosophila melanogaster<\/em> and <em>Aedes aegypti<\/em>. Adem\u00e1s, son relevantes en estudios de toxicidad ambiental en ecosistemas acu\u00e1ticos, como es el caso de los quiron\u00f3midos.<\/p>\n\n\n\n<p class=\"wp-block-paragraph\">Como era de esperar, la importancia de los d\u00edpteros va mucho m\u00e1s all\u00e1 de no dejarnos dormir durante las siestas o las noches de verano.<\/p>","protected":false},"excerpt":{"rendered":"<p>Cuando pensamos en moscas, a menudo nos viene a la mente la t\u00edpica mosca dom\u00e9stica o los molestos mosquitos. Sin embargo, detr\u00e1s de esa imagen com\u00fan se esconde un vasto y fascinante mundo: el orden Diptera. Con aproximadamente 160.000 especies descritas mundialmente, los d\u00edpteros son uno de los grupos de insectos m\u00e1s diversos y se encuentran en casi todos los rincones del planeta. <\/p>","protected":false},"author":243138427,"featured_media":4314,"parent":0,"menu_order":0,"comment_status":"closed","ping_status":"closed","template":"wp-custom-template-template-con-menu","meta":{"_crdt_document":"","advanced_seo_description":"Descubre la importancia de los polinizadores y c\u00f3mo puedes ayudar a proteger su h\u00e1bitat en Bombi Natura. \u00a1\u00danete a nuestra causa hoy!","jetpack_seo_html_title":"La Importancia de los Polinizadores en Nuestros Ecosistemas","jetpack_seo_noindex":false,"jetpack_post_was_ever_published":false,"footnotes":""},"class_list":["post-4295","page","type-page","status-publish","has-post-thumbnail","hentry"],"jetpack_sharing_enabled":true,"jetpack_likes_enabled":true,"jetpack_shortlink":"https:\/\/wp.me\/PfjxPK-17h","_links":{"self":[{"href":"https:\/\/bombinatura.com\/en\/wp-json\/wp\/v2\/pages\/4295","targetHints":{"allow":["GET"]}}],"collection":[{"href":"https:\/\/bombinatura.com\/en\/wp-json\/wp\/v2\/pages"}],"about":[{"href":"https:\/\/bombinatura.com\/en\/wp-json\/wp\/v2\/types\/page"}],"author":[{"embeddable":true,"href":"https:\/\/bombinatura.com\/en\/wp-json\/wp\/v2\/users\/243138427"}],"replies":[{"embeddable":true,"href":"https:\/\/bombinatura.com\/en\/wp-json\/wp\/v2\/comments?post=4295"}],"version-history":[{"count":25,"href":"https:\/\/bombinatura.com\/en\/wp-json\/wp\/v2\/pages\/4295\/revisions"}],"predecessor-version":[{"id":4333,"href":"https:\/\/bombinatura.com\/en\/wp-json\/wp\/v2\/pages\/4295\/revisions\/4333"}],"wp:featuredmedia":[{"embeddable":true,"href":"https:\/\/bombinatura.com\/en\/wp-json\/wp\/v2\/media\/4314"}],"wp:attachment":[{"href":"https:\/\/bombinatura.com\/en\/wp-json\/wp\/v2\/media?parent=4295"}],"curies":[{"name":"wp","href":"https:\/\/api.w.org\/{rel}","templated":true}]}}