{"id":643,"date":"2024-03-03T18:44:23","date_gmt":"2024-03-03T17:44:23","guid":{"rendered":"https:\/\/naturabeja.com\/?page_id=643"},"modified":"2025-01-26T16:52:30","modified_gmt":"2025-01-26T15:52:30","slug":"equipo","status":"publish","type":"page","link":"https:\/\/bombinatura.com\/en\/equipo\/","title":{"rendered":"Team"},"content":{"rendered":"<div class=\"wp-block-group is-horizontal is-nowrap is-layout-flex wp-container-core-group-is-layout-c619b732 wp-block-group-is-layout-flex\">\n<div class=\"wp-block-group is-vertical is-layout-flex wp-container-core-group-is-layout-05eefa7b wp-block-group-is-layout-flex\">\n<h3 class=\"wp-block-heading\" style=\"padding-top:10px\"><strong>Jos\u00e9 Herrera<\/strong><\/h3>\n<\/div>\n<\/div>\n\n\n\n<figure class=\"wp-block-image alignleft size-large is-resized\"><img loading=\"lazy\" decoding=\"async\" width=\"878\" height=\"810\" data-attachment-id=\"656\" data-permalink=\"https:\/\/bombinatura.com\/en\/equipo\/el_entomologo-5\/\" data-orig-file=\"https:\/\/bombinatura.com\/wp-content\/uploads\/2024\/03\/el_entomologo-5.jpeg\" data-orig-size=\"878,810\" data-comments-opened=\"1\" data-image-meta=\"{&quot;aperture&quot;:&quot;0&quot;,&quot;credit&quot;:&quot;&quot;,&quot;camera&quot;:&quot;&quot;,&quot;caption&quot;:&quot;&quot;,&quot;created_timestamp&quot;:&quot;0&quot;,&quot;copyright&quot;:&quot;&quot;,&quot;focal_length&quot;:&quot;0&quot;,&quot;iso&quot;:&quot;0&quot;,&quot;shutter_speed&quot;:&quot;0&quot;,&quot;title&quot;:&quot;&quot;,&quot;orientation&quot;:&quot;1&quot;}\" data-image-title=\"el_entomologo-5\" data-image-description=\"\" data-image-caption=\"\" data-large-file=\"https:\/\/bombinatura.com\/wp-content\/uploads\/2024\/03\/el_entomologo-5.jpeg\" src=\"https:\/\/bombinatura.com\/wp-content\/uploads\/2024\/03\/el_entomologo-5.jpeg?w=878\" alt=\"Jos\u00e9 Herrera Doctor en Biolog\u00eda por la Universidad de Murcia\" class=\"wp-image-656\" style=\"width:275px\" \/><\/figure>\n\n\n\n<p class=\"has-text-align-left has-small-font-size wp-container-content-5b984bb6 wp-block-paragraph\" style=\"margin-top:0;padding-top:0;padding-bottom:0\">Entomologist by profession and vocation. He completed a PhD on the population ecology of tiger beetles at the University of Murcia. He has followed a professional career in research and environmental consultancy for several years in Germany, focusing on faunistic and ecological aspects of odonates, bees, carabids and orthoptera of northern Europe. He is currently based in the Aragonese Pyrenees, where he works with local communities of Orthoptera and other insect groups of ecological interest.<\/p>\n\n\n\n<hr class=\"wp-block-separator aligncenter has-alpha-channel-opacity is-style-dots\" style=\"margin-top:var(--wp--preset--spacing--30);margin-bottom:0\" \/>\n\n\n\n<div class=\"wp-block-group is-nowrap is-layout-flex wp-container-core-group-is-layout-5cafeaeb wp-block-group-is-layout-flex\" style=\"padding-bottom:var(--wp--preset--spacing--20)\">\n<div class=\"wp-block-group is-vertical is-layout-flex wp-container-core-group-is-layout-05eefa7b wp-block-group-is-layout-flex\">\n<h3 class=\"wp-block-heading\"><strong>Nuria Blasco<\/strong><\/h3>\n<\/div>\n<\/div>\n\n\n\n<figure class=\"wp-block-image alignleft size-large is-resized\"><img loading=\"lazy\" decoding=\"async\" width=\"1876\" height=\"1876\" data-attachment-id=\"1993\" data-permalink=\"https:\/\/bombinatura.com\/en\/equipo\/nuriaperfil2\/\" data-orig-file=\"https:\/\/bombinatura.com\/wp-content\/uploads\/2024\/10\/nuriaperfil2.jpg\" data-orig-size=\"1876,1876\" data-comments-opened=\"0\" data-image-meta=\"{&quot;aperture&quot;:&quot;1.8&quot;,&quot;credit&quot;:&quot;&quot;,&quot;camera&quot;:&quot;FP4&quot;,&quot;caption&quot;:&quot;&quot;,&quot;created_timestamp&quot;:&quot;1726573489&quot;,&quot;copyright&quot;:&quot;&quot;,&quot;focal_length&quot;:&quot;5.58&quot;,&quot;iso&quot;:&quot;112&quot;,&quot;shutter_speed&quot;:&quot;0.008138&quot;,&quot;title&quot;:&quot;&quot;,&quot;orientation&quot;:&quot;1&quot;}\" data-image-title=\"NuriaPerfil2\" data-image-description=\"\" data-image-caption=\"\" data-large-file=\"https:\/\/bombinatura.com\/wp-content\/uploads\/2024\/10\/nuriaperfil2.jpg\" src=\"https:\/\/bombinatura.com\/wp-content\/uploads\/2024\/10\/nuriaperfil2.jpg?w=1024\" alt=\"\" class=\"wp-image-1993\" style=\"width:275px\" \/><\/figure>\n\n\n\n<p class=\"has-small-font-size wp-container-content-5b984bb6 wp-block-paragraph\" style=\"margin-top:0;padding-top:0;padding-bottom:0\">Biodiversity conservation enthusiast. She completed her PhD and postdoc at the University of Murcia, studying the effect of pesticides, pathogens and heat stress on bees and bumblebees. He collaborated with Butterfly Conservation UK analysing the effect of climate on butterfly populations. Subsequently, she joined the Energy and Environment Technology Centre where she combined research with environmental outreach. She is currently an independent researcher focusing on insect conservation.<\/p>","protected":false},"excerpt":{"rendered":"<p>Jos\u00e9 Herrera Entom\u00f3logo de profesi\u00f3n y de vocaci\u00f3n. Complet\u00f3 un doctorado sobre la ecolog\u00eda poblacional de los escarabajos tigre en la Universidad de Murcia. Ha seguido una trayectoria profesional en investigaci\u00f3n y consultor\u00eda ambiental de varios a\u00f1os en Alemania, centr\u00e1ndose en aspecto faun\u00edsticos y ecol\u00f3gicos de odonatos, abejas, car\u00e1bidos y ort\u00f3pteros del norte de Europa. [&hellip;]<\/p>\n","protected":false},"author":243138427,"featured_media":0,"parent":0,"menu_order":0,"comment_status":"closed","ping_status":"closed","template":"wp-custom-template-template-menu-nosotros","meta":{"_crdt_document":"","advanced_seo_description":"","jetpack_seo_html_title":"","jetpack_seo_noindex":false,"jetpack_post_was_ever_published":false,"footnotes":""},"class_list":["post-643","page","type-page","status-publish","hentry"],"jetpack_sharing_enabled":true,"jetpack_likes_enabled":true,"jetpack_shortlink":"https:\/\/wp.me\/PfjxPK-an","_links":{"self":[{"href":"https:\/\/bombinatura.com\/en\/wp-json\/wp\/v2\/pages\/643","targetHints":{"allow":["GET"]}}],"collection":[{"href":"https:\/\/bombinatura.com\/en\/wp-json\/wp\/v2\/pages"}],"about":[{"href":"https:\/\/bombinatura.com\/en\/wp-json\/wp\/v2\/types\/page"}],"author":[{"embeddable":true,"href":"https:\/\/bombinatura.com\/en\/wp-json\/wp\/v2\/users\/243138427"}],"replies":[{"embeddable":true,"href":"https:\/\/bombinatura.com\/en\/wp-json\/wp\/v2\/comments?post=643"}],"version-history":[{"count":25,"href":"https:\/\/bombinatura.com\/en\/wp-json\/wp\/v2\/pages\/643\/revisions"}],"predecessor-version":[{"id":2934,"href":"https:\/\/bombinatura.com\/en\/wp-json\/wp\/v2\/pages\/643\/revisions\/2934"}],"wp:attachment":[{"href":"https:\/\/bombinatura.com\/en\/wp-json\/wp\/v2\/media?parent=643"}],"curies":[{"name":"wp","href":"https:\/\/api.w.org\/{rel}","templated":true}]}}