{"id":89,"date":"2023-11-29T14:55:35","date_gmt":"2023-11-29T13:55:35","guid":{"rendered":"https:\/\/naturabeja.com\/?page_id=89"},"modified":"2025-01-31T19:15:40","modified_gmt":"2025-01-31T18:15:40","slug":"bibliografia-de-abejas","status":"publish","type":"page","link":"https:\/\/bombinatura.com\/en\/bibliografia-de-abejas\/","title":{"rendered":"Bibliograf\u00eda de abejas"},"content":{"rendered":"<p class=\"wp-block-paragraph\">The <strong>bees<\/strong> are a popular and important group of insects for humans. Hence, the group is relatively well documented with a good body of literature for study.<\/p>\n\n\n\n<p class=\"wp-block-paragraph\">Countries such as Switzerland, Germany and, above all, the United Kingdom and Belgium, already have very good and growing bibliographic coverage. The United Kingdom in particular is a reference and an example of an excellent bibliographic offer, with the <strong>\"Field Guide to the Bees of Great Britain and Ireland\".<\/strong> by Falk and Lewington and the <strong>\"Handbook of the Bees of the British Isles\".<\/strong> by Else and Edwards. With the help of these brilliant field guides and their <a href=\"https:\/\/www.flickr.com\/photos\/63075200@N07\/collections\/\">online support<\/a> organised initiatives such as <a href=\"https:\/\/bwars.com\/\">BWARS<\/a>the society for the registration of hymenopterological data.<\/p>\n\n\n\n<figure class=\"wp-block-image alignleft size-large is-resized\" style=\"margin-right:20px;margin-left:20px\"><img loading=\"lazy\" decoding=\"async\" width=\"937\" height=\"1500\" data-attachment-id=\"2181\" data-permalink=\"https:\/\/bombinatura.com\/en\/bibliografia-de-abejas\/81km38olqrl-_sl1500_\/\" data-orig-file=\"https:\/\/bombinatura.com\/wp-content\/uploads\/2024\/11\/81km38olqrl._sl1500_.jpg\" data-orig-size=\"937,1500\" data-comments-opened=\"0\" data-image-meta=\"{&quot;aperture&quot;:&quot;0&quot;,&quot;credit&quot;:&quot;&quot;,&quot;camera&quot;:&quot;&quot;,&quot;caption&quot;:&quot;&quot;,&quot;created_timestamp&quot;:&quot;0&quot;,&quot;copyright&quot;:&quot;&quot;,&quot;focal_length&quot;:&quot;0&quot;,&quot;iso&quot;:&quot;0&quot;,&quot;shutter_speed&quot;:&quot;0&quot;,&quot;title&quot;:&quot;&quot;,&quot;orientation&quot;:&quot;0&quot;}\" data-image-title=\"81kM38OLQRL._SL1500_\" data-image-description=\"\" data-image-caption=\"\" data-large-file=\"https:\/\/bombinatura.com\/wp-content\/uploads\/2024\/11\/81km38olqrl._sl1500_.jpg\" src=\"https:\/\/bombinatura.com\/wp-content\/uploads\/2024\/11\/81km38olqrl._sl1500_.jpg?w=640\" alt=\"Portada del libro Field Guide to the Bees of Great Britain and Ireland, de Steven Falk, ilustrado por Richard Lewington\" class=\"wp-image-2181\" style=\"width:auto;height:320px\" \/><\/figure>\n\n\n\n<figure class=\"wp-block-image alignright size-large is-resized\" style=\"margin-right:20px;margin-left:20px\"><img loading=\"lazy\" decoding=\"async\" width=\"479\" height=\"600\" data-attachment-id=\"2184\" data-permalink=\"https:\/\/bombinatura.com\/en\/bibliografia-de-abejas\/else-edwards-handbook-of-the-bees-of-the-british-isles-2\/\" data-orig-file=\"https:\/\/bombinatura.com\/wp-content\/uploads\/2024\/11\/else-edwards-handbook-of-the-bees-of-the-british-isles-1.jpg\" data-orig-size=\"479,600\" data-comments-opened=\"0\" data-image-meta=\"{&quot;aperture&quot;:&quot;0&quot;,&quot;credit&quot;:&quot;&quot;,&quot;camera&quot;:&quot;&quot;,&quot;caption&quot;:&quot;&quot;,&quot;created_timestamp&quot;:&quot;0&quot;,&quot;copyright&quot;:&quot;&quot;,&quot;focal_length&quot;:&quot;0&quot;,&quot;iso&quot;:&quot;0&quot;,&quot;shutter_speed&quot;:&quot;0&quot;,&quot;title&quot;:&quot;&quot;,&quot;orientation&quot;:&quot;1&quot;}\" data-image-title=\"else-edwards-handbook-of-the-bees-of-the-british-isles\" data-image-description=\"\" data-image-caption=\"\" data-large-file=\"https:\/\/bombinatura.com\/wp-content\/uploads\/2024\/11\/else-edwards-handbook-of-the-bees-of-the-british-isles-1.jpg\" src=\"https:\/\/bombinatura.com\/wp-content\/uploads\/2024\/11\/else-edwards-handbook-of-the-bees-of-the-british-isles-1.jpg?w=479\" alt=\"Handbook of the Bees of the British Isles: Volume 1 de George R. Else and Mike Edwards\" class=\"wp-image-2184\" style=\"width:auto;height:320px\" \/><\/figure>\n\n\n\n<div style=\"height:0.1px\" aria-hidden=\"true\" class=\"wp-block-spacer\"><\/div>\n\n\n\n<p class=\"wp-block-paragraph\">The situation in <strong>the Iberian Peninsula is more complicated<\/strong>The following is an overview of the species present, given the relatively higher number of species present on the one hand, and the relatively poorer knowledge situation on the other hand. The following is an overview of the <strong>available resources<\/strong> for the study of bees in this geographical area.<\/p>\n\n\n\n<h3 class=\"wp-block-heading\"><strong>Works directly covering the Iberian Peninsula<\/strong><\/h3>\n\n\n\n<figure class=\"wp-block-table is-style-stripes has-small-font-size\"><table><thead><tr><th class=\"has-text-align-center\" data-align=\"center\">Title<\/th><th class=\"has-text-align-center\" data-align=\"center\">Groups covered<\/th><th class=\"has-text-align-center\" data-align=\"center\">Geographical scope<\/th><th class=\"has-text-align-center\" data-align=\"center\">Format<\/th><\/tr><\/thead><tbody><tr><td class=\"has-text-align-center\" data-align=\"center\">Hymenoptera, Apoidea I<\/td><td class=\"has-text-align-center\" data-align=\"center\">Colletidae, Mellitidae, Apidae<\/td><td class=\"has-text-align-center\" data-align=\"center\">Iberian Peninsula<\/td><td class=\"has-text-align-center\" data-align=\"center\">Book<\/td><\/tr><tr><td class=\"has-text-align-center\" data-align=\"center\">The Resin and Wool Carder Bees (Anthidiini) of Europe and Western Turkey<\/td><td class=\"has-text-align-center\" data-align=\"center\">Anthidiini<\/td><td class=\"has-text-align-center\" data-align=\"center\">Europe, Turkey<\/td><td class=\"has-text-align-center\" data-align=\"center\">Book<\/td><\/tr><tr><td class=\"has-text-align-center\" data-align=\"center\"><a href=\"https:\/\/www.proquest.com\/openview\/e2ba709563d252b7f950953cb92acc26\/1?pq-origsite=gscholar&amp;cbl=2049306\">The genus <em>Andrena,<\/em> Fabricius, 1775 in the Iberian Peninsula (Hymenoptera, Andrenidae)<\/a><\/td><td class=\"has-text-align-center\" data-align=\"center\"><em>Andrena,<\/em><\/td><td class=\"has-text-align-center\" data-align=\"center\">Iberian Peninsula<\/td><td class=\"has-text-align-center\" data-align=\"center\">Article<\/td><\/tr><tr><td class=\"has-text-align-center\" data-align=\"center\"><a href=\"https:\/\/www.zobodat.at\/publikation_volumes.php?id=54546\">Identification key to the European species<br>of the bee genus <em>Nomada<\/em> Scopoli, 1770<br>(Hymenoptera: Apidae),<br>including 23 new species<\/a><\/td><td class=\"has-text-align-center\" data-align=\"center\"><em>Nomada<\/em><\/td><td class=\"has-text-align-center\" data-align=\"center\">Europe.<\/td><td class=\"has-text-align-center\" data-align=\"center\">Book<\/td><\/tr><tr><td class=\"has-text-align-center\" data-align=\"center\"><a href=\"https:\/\/www.mapress.com\/zootaxa\/2012\/f\/z03311p041f.pdf\">Review and identification of the cuckoo bees of central Europe(Hymenoptera: Halictidae: <em>Sphecodes<\/em>)<\/a><\/td><td class=\"has-text-align-center\" data-align=\"center\"><em>Sphecodes<\/em><\/td><td class=\"has-text-align-center\" data-align=\"center\">Europe.<\/td><td class=\"has-text-align-center\" data-align=\"center\">Article<\/td><\/tr><tr><td class=\"has-text-align-center\" data-align=\"center\">Keys and new data of the Iberian species of the genus <em>Stelis<\/em> Panzer 1806 (Hymenoptera, Apoidea, Megachilidae, Anthidiini)<\/td><td class=\"has-text-align-center\" data-align=\"center\"><em>Stelis<\/em><\/td><td class=\"has-text-align-center\" data-align=\"center\">Iberian Peninsula<\/td><td class=\"has-text-align-center\" data-align=\"center\">Article<\/td><\/tr><tr><td class=\"has-text-align-center\" data-align=\"center\">Identification keys for the Iberian species of the genus <em>Coelioxys<\/em> Latreille 1809 (Hymenoptera, Apoidea Megachilidae)<\/td><td class=\"has-text-align-center\" data-align=\"center\"><em>Coelioxys<\/em><\/td><td class=\"has-text-align-center\" data-align=\"center\">Iberian Peninsula<\/td><td class=\"has-text-align-center\" data-align=\"center\">Article<\/td><\/tr><tr><td class=\"has-text-align-center\" data-align=\"center\">Taxonomic Revision of the Subgenus <em>Micrandrena<\/em><br>(Hymenoptera: Apoidea: Andrenidae: <em>Andrena,<\/em>) of the<br>Iberian Peninsula.<\/td><td class=\"has-text-align-center\" data-align=\"center\"><em>Andrena (Micrandrena)<\/em><\/td><td class=\"has-text-align-center\" data-align=\"center\">Iberian Peninsula<\/td><td class=\"has-text-align-center\" data-align=\"center\">Doctoral thesis<\/td><\/tr><tr><td class=\"has-text-align-center\" data-align=\"center\"><a href=\"http:\/\/www.atlashymenoptera.net\">Atlas Hymenoptera<\/a><\/td><td class=\"has-text-align-center\" data-align=\"center\">Bees:<\/td><td class=\"has-text-align-center\" data-align=\"center\">Europe.<\/td><td class=\"has-text-align-center\" data-align=\"center\">Website<\/td><\/tr><tr><td class=\"has-text-align-center\" data-align=\"center\"><a href=\"https:\/\/pollinatoracademy.eu\/pollinators\/bees\/\">Pollinator Academy - Apoidea<\/a><\/td><td class=\"has-text-align-center\" data-align=\"center\">Bees:<\/td><td class=\"has-text-align-center\" data-align=\"center\">Europe.<\/td><td class=\"has-text-align-center\" data-align=\"center\">Website<\/td><\/tr><tr><td class=\"has-text-align-center\" data-align=\"center\">Bumblebees of Europe and neighbouring regions. Hymenoptera of Europe 3.<\/td><td class=\"has-text-align-center\" data-align=\"center\"><em>Bombus<\/em><\/td><td class=\"has-text-align-center\" data-align=\"center\">Europe and neighbouring regions<\/td><td class=\"has-text-align-center\" data-align=\"center\">Book<\/td><\/tr><\/tbody><\/table><\/figure>\n\n\n\n<div style=\"height:10px\" aria-hidden=\"true\" class=\"wp-block-spacer\"><\/div>\n\n\n\n<p class=\"wp-block-paragraph\">As can be seen, there is no unifying work, nor is the treatment of the different groups the same. If for groups such as the Anthidiini or the genus <em>Nomada<\/em> while fully satisfactory material is already available, the situation for other groups such as the Halictidae is quite different.<\/p>\n\n\n\n<p class=\"wp-block-paragraph\">For this reason, it is also worth mentioning some other identification works which, although they do not deal directly with the Iberian fauna, are useful and necessary for its study.<\/p>\n\n\n\n<h3 class=\"wp-block-heading\"><strong>Other useful works of European scope<\/strong><\/h3>\n\n\n\n<figure class=\"wp-block-table is-style-stripes has-small-font-size\" style=\"margin-top:0;margin-bottom:0\"><table><thead><tr><th class=\"has-text-align-center\" data-align=\"center\">Title<\/th><th class=\"has-text-align-center\" data-align=\"center\">Groups covered<\/th><th class=\"has-text-align-center\" data-align=\"center\">Geographical scope<\/th><th class=\"has-text-align-center\" data-align=\"center\">Format<\/th><\/tr><\/thead><tbody><tr><td class=\"has-text-align-center\" data-align=\"center\"><a href=\"https:\/\/www.infofauna.ch\/sites\/default\/files\/files\/publications\/e-fh20_apidae_5.pdf\">Fauna Helvetica, vols. 1 to 6<\/a><\/td><td class=\"has-text-align-center\" data-align=\"center\">Bees:<\/td><td class=\"has-text-align-center\" data-align=\"center\">Switzerland<\/td><td class=\"has-text-align-center\" data-align=\"center\">Books<\/td><\/tr><tr><td class=\"has-text-align-center\" data-align=\"center\">Illustrierte Bestimmungstabellen der Wildbienen Deutschlands und \u00d6sterreichs, vols. 1 to 3<\/td><td class=\"has-text-align-center\" data-align=\"center\">Bees:<\/td><td class=\"has-text-align-center\" data-align=\"center\">Germany, Austria<\/td><td class=\"has-text-align-center\" data-align=\"center\">Books<\/td><\/tr><tr><td class=\"has-text-align-center\" data-align=\"center\"><a href=\"http:\/\/www.atlashymenoptera.net\/biblio\/Pauly_2015_cl%C3%A9_Megachilidae_Belgique.pdf\">Cl\u00e9 illustr\u00e9e des abeilles de Belgique et des r\u00e9gions limitrophes (Hymenoptera: Apoidea) II. Megachilidae<\/a><\/td><td class=\"has-text-align-center\" data-align=\"center\">Megachilidae<\/td><td class=\"has-text-align-center\" data-align=\"center\">Belgium<\/td><td class=\"has-text-align-center\" data-align=\"center\">Book<\/td><\/tr><tr><td class=\"has-text-align-center\" data-align=\"center\"><a href=\"http:\/\/www.atlashymenoptera.net\/biblio\/Pauly_2015_cl%C3%A9_Halictidae_Belgique.pdf\">Cl\u00e9 illustr\u00e9e des abeilles de Belgique et des r\u00e9gions limitrophes (Hymenoptera: Apoidea) I. Halictidae<\/a><\/td><td class=\"has-text-align-center\" data-align=\"center\">Halictidae<\/td><td class=\"has-text-align-center\" data-align=\"center\">Belgium<\/td><td class=\"has-text-align-center\" data-align=\"center\">Book<\/td><\/tr><\/tbody><\/table><\/figure>\n\n\n\n<div style=\"height:10px\" aria-hidden=\"true\" class=\"wp-block-spacer\"><\/div>\n\n\n\n<p class=\"wp-block-paragraph\">Finally, although it is not an identification manual, <strong>\"Bees of Europe<\/strong> by Michez, Rasmont, Terzo and Vereecken, is the only book that currently collects <strong>all bee species reported in Europe<\/strong> accompanied by the relevant bibliographical references. It therefore has its place as a reference work.<\/p>\n\n\n\n<figure class=\"wp-block-image aligncenter size-large is-resized\"><img loading=\"lazy\" decoding=\"async\" width=\"900\" height=\"900\" data-attachment-id=\"2191\" data-permalink=\"https:\/\/bombinatura.com\/en\/bibliografia-de-abejas\/l0029665\/\" data-orig-file=\"https:\/\/bombinatura.com\/wp-content\/uploads\/2024\/11\/l0029665.jpg\" data-orig-size=\"900,900\" data-comments-opened=\"0\" data-image-meta=\"{&quot;aperture&quot;:&quot;0&quot;,&quot;credit&quot;:&quot;&quot;,&quot;camera&quot;:&quot;&quot;,&quot;caption&quot;:&quot;&quot;,&quot;created_timestamp&quot;:&quot;0&quot;,&quot;copyright&quot;:&quot;&quot;,&quot;focal_length&quot;:&quot;0&quot;,&quot;iso&quot;:&quot;0&quot;,&quot;shutter_speed&quot;:&quot;0&quot;,&quot;title&quot;:&quot;&quot;,&quot;orientation&quot;:&quot;0&quot;}\" data-image-title=\"L0029665\" data-image-description=\"\" data-image-caption=\"\" data-large-file=\"https:\/\/bombinatura.com\/wp-content\/uploads\/2024\/11\/l0029665.jpg\" src=\"https:\/\/bombinatura.com\/wp-content\/uploads\/2024\/11\/l0029665.jpg?w=900\" alt=\"Portada del libro Hymenoptera of Europe 1 - Bees of Europe, de Denis Michez, Pierre Rasmont, Micha\u00ebl Terzo and Nicolas J. Vereecken\" class=\"wp-image-2191\" style=\"width:auto;height:320px\" \/><\/figure>\n\n\n\n<p class=\"wp-block-paragraph\">In summary, the identification of Iberian bees to species level is not a trivial issue, starting with the access to information. The references presented here are, for the time being, a mere introduction to the subject, but we hope you have found them useful.<\/p>\n\n\n\n<p class=\"wp-block-paragraph\"><\/p>","protected":false},"excerpt":{"rendered":"<p>Las abejas son un grupo de insectos popular e importante para el ser humano. De ah\u00ed que el grupo est\u00e9 relativamente bien documentado con un buen cuerpo bibliogr\u00e1fico para su estudio. Pa\u00edses como Suiza, Alemania y, sobre todo, el Reino Unido y B\u00e9lgica, disponen ya de una cobertura bibliogr\u00e1fica muy buena y adem\u00e1s en pleno [&hellip;]<\/p>\n","protected":false},"author":243138427,"featured_media":0,"parent":0,"menu_order":0,"comment_status":"closed","ping_status":"closed","template":"wp-custom-template-template-recursos","meta":{"_crdt_document":"","advanced_seo_description":"","jetpack_seo_html_title":"","jetpack_seo_noindex":false,"jetpack_post_was_ever_published":false,"footnotes":""},"class_list":["post-89","page","type-page","status-publish","hentry"],"jetpack_sharing_enabled":true,"jetpack_likes_enabled":true,"jetpack_shortlink":"https:\/\/wp.me\/PfjxPK-1r","_links":{"self":[{"href":"https:\/\/bombinatura.com\/en\/wp-json\/wp\/v2\/pages\/89","targetHints":{"allow":["GET"]}}],"collection":[{"href":"https:\/\/bombinatura.com\/en\/wp-json\/wp\/v2\/pages"}],"about":[{"href":"https:\/\/bombinatura.com\/en\/wp-json\/wp\/v2\/types\/page"}],"author":[{"embeddable":true,"href":"https:\/\/bombinatura.com\/en\/wp-json\/wp\/v2\/users\/243138427"}],"replies":[{"embeddable":true,"href":"https:\/\/bombinatura.com\/en\/wp-json\/wp\/v2\/comments?post=89"}],"version-history":[{"count":24,"href":"https:\/\/bombinatura.com\/en\/wp-json\/wp\/v2\/pages\/89\/revisions"}],"predecessor-version":[{"id":3003,"href":"https:\/\/bombinatura.com\/en\/wp-json\/wp\/v2\/pages\/89\/revisions\/3003"}],"wp:attachment":[{"href":"https:\/\/bombinatura.com\/en\/wp-json\/wp\/v2\/media?parent=89"}],"curies":[{"name":"wp","href":"https:\/\/api.w.org\/{rel}","templated":true}]}}